{"id":591,"date":"2025-09-08T12:02:19","date_gmt":"2025-09-08T12:02:19","guid":{"rendered":"https:\/\/abriendocamino.org\/?page_id=591"},"modified":"2025-09-08T16:34:28","modified_gmt":"2025-09-08T16:34:28","slug":"591-2","status":"publish","type":"page","link":"https:\/\/abriendocamino.org\/?page_id=591","title":{"rendered":"Certificado de Donaciones"},"content":{"rendered":"<p>[et_pb_section fb_built=\u00bb1&#8243; _builder_version=\u00bb4.27.4&#8243; _module_preset=\u00bbdefault\u00bb global_colors_info=\u00bb{}\u00bb][et_pb_row _builder_version=\u00bb4.27.4&#8243; _module_preset=\u00bbdefault\u00bb global_colors_info=\u00bb{}\u00bb][et_pb_column type=\u00bb4_4&#8243; _builder_version=\u00bb4.27.4&#8243; _module_preset=\u00bbdefault\u00bb global_colors_info=\u00bb{}\u00bb][et_pb_text _builder_version=\u00bb4.27.4&#8243; _module_preset=\u00bbdefault\u00bb global_colors_info=\u00bb{}\u00bb]<\/p>\n<h3 data-start=\"133\" data-end=\"176\">Consigue tu certificado de donaciones<\/h3>\n<p data-start=\"178\" data-end=\"468\">Si quieres recibir tu certificado de donaci\u00f3n, por favor, escribe un email o WhatsApp, indicando tu nombre, apellidos, DNI y direcci\u00f3n postal.<br data-start=\"320\" data-end=\"323\" \/>Te rogamos que nos adjuntes fotocopia del DNI y el justificante bancario de tu donaci\u00f3n donde se refleje la fecha, importe y cuenta de ingreso.<\/p>\n<p data-start=\"470\" data-end=\"544\">\ud83d\udce7 mail: <strong data-start=\"479\" data-end=\"511\"><a data-start=\"481\" data-end=\"509\" class=\"decorated-link cursor-pointer\" rel=\"noopener\">adm.abriendocamino@gmail.com<span aria-hidden=\"true\" class=\"ms-0.5 inline-block align-middle leading-none\"><svg width=\"20\" height=\"20\" viewbox=\"0 0 20 20\" fill=\"currentColor\" xmlns=\"http:\/\/www.w3.org\/2000\/svg\" data-rtl-flip=\"\" class=\"block h-[0.75em] w-[0.75em] stroke-current stroke-[0.75]\"><path d=\"M14.3349 13.3301V6.60645L5.47065 15.4707C5.21095 15.7304 4.78895 15.7304 4.52925 15.4707C4.26955 15.211 4.26955 14.789 4.52925 14.5293L13.3935 5.66504H6.66011C6.29284 5.66504 5.99507 5.36727 5.99507 5C5.99507 4.63273 6.29284 4.33496 6.66011 4.33496H14.9999L15.1337 4.34863C15.4369 4.41057 15.665 4.67857 15.665 5V13.3301C15.6649 13.6973 15.3672 13.9951 14.9999 13.9951C14.6327 13.9951 14.335 13.6973 14.3349 13.3301Z\"><\/path><\/svg><\/span><\/a><\/strong><br data-start=\"511\" data-end=\"514\" \/>\ud83d\udcf1 WhatsApp: <strong data-start=\"527\" data-end=\"542\">648 959 324<\/strong><\/p>\n<p data-start=\"470\" data-end=\"544\"><strong data-start=\"527\" data-end=\"542\"><\/strong><\/p>\n<h3 data-start=\"594\" data-end=\"623\">CERTIFICADO DE DONACI\u00d3N<\/h3>\n<p data-start=\"625\" data-end=\"939\">Estamos acogidos al R\u00e9gimen Fiscal especial de la Ley 49\/2002, y por lo tanto su donaci\u00f3n tiene derecho a deducciones fiscales.<br data-start=\"752\" data-end=\"755\" \/>Esta deducci\u00f3n se debe justificar con Certificado de Donaci\u00f3n emitido por la Asociaci\u00f3n, que s\u00f3lo se podr\u00e1 emitir si el donante ha aportado nombre, apellidos, NIF y direcci\u00f3n postal.<\/p>\n<p data-start=\"941\" data-end=\"1319\">Aquellas personas o entidades que hubieran hecho una donaci\u00f3n mediante transferencia u otra v\u00eda deber\u00e1n contactar en el tel\u00e9fono <strong data-start=\"1070\" data-end=\"1085\">648 959 324<\/strong> o bien en el mail <strong data-start=\"1104\" data-end=\"1135\"><a data-start=\"1106\" data-end=\"1133\" class=\"decorated-link cursor-pointer\" rel=\"noopener\">adm.abriendocamino@gmal.com<span aria-hidden=\"true\" class=\"ms-0.5 inline-block align-middle leading-none\"><svg width=\"20\" height=\"20\" viewbox=\"0 0 20 20\" fill=\"currentColor\" xmlns=\"http:\/\/www.w3.org\/2000\/svg\" data-rtl-flip=\"\" class=\"block h-[0.75em] w-[0.75em] stroke-current stroke-[0.75]\"><path d=\"M14.3349 13.3301V6.60645L5.47065 15.4707C5.21095 15.7304 4.78895 15.7304 4.52925 15.4707C4.26955 15.211 4.26955 14.789 4.52925 14.5293L13.3935 5.66504H6.66011C6.29284 5.66504 5.99507 5.36727 5.99507 5C5.99507 4.63273 6.29284 4.33496 6.66011 4.33496H14.9999L15.1337 4.34863C15.4369 4.41057 15.665 4.67857 15.665 5V13.3301C15.6649 13.6973 15.3672 13.9951 14.9999 13.9951C14.6327 13.9951 14.335 13.6973 14.3349 13.3301Z\"><\/path><\/svg><\/span><\/a><\/strong> para solicitarlo, indicando la fecha de la donaci\u00f3n, cantidad, cuenta bancaria destinataria y nombre, apellidos y NIF del donante, para poder ser localizada y emitir el Certificado.<\/p>\n<p data-start=\"1321\" data-end=\"1614\">Los certificados se emiten hasta el d\u00eda <strong data-start=\"1361\" data-end=\"1403\">31 de diciembre del a\u00f1o de la donaci\u00f3n<\/strong>, por lo que es muy importante solicitar el certificado y aportar estos datos antes de esa fecha. Una vez pasada esta fecha no ser\u00e1 posible emitir certificados de acuerdo a las normas de la Agencia Tributaria.<\/p>\n<p>[\/et_pb_text][\/et_pb_column][\/et_pb_row][et_pb_row _builder_version=\u00bb4.27.4&#8243; _module_preset=\u00bbdefault\u00bb global_colors_info=\u00bb{}\u00bb][et_pb_column type=\u00bb4_4&#8243; _builder_version=\u00bb4.27.4&#8243; _module_preset=\u00bbdefault\u00bb global_colors_info=\u00bb{}\u00bb][et_pb_gallery gallery_ids=\u00bb595,596&#8243; fullwidth=\u00bbon\u00bb _builder_version=\u00bb4.27.4&#8243; _module_preset=\u00bbdefault\u00bb global_colors_info=\u00bb{}\u00bb][\/et_pb_gallery][\/et_pb_column][\/et_pb_row][\/et_pb_section]<\/p>\n","protected":false},"excerpt":{"rendered":"<p>Consigue tu certificado de donaciones Si quieres recibir tu certificado de donaci\u00f3n, por favor, escribe un email o WhatsApp, indicando tu nombre, apellidos, DNI y direcci\u00f3n postal.Te rogamos que nos adjuntes fotocopia del DNI y el justificante bancario de tu donaci\u00f3n donde se refleje la fecha, importe y cuenta de ingreso. \ud83d\udce7 mail: adm.abriendocamino@gmail.com\ud83d\udcf1 WhatsApp: [&hellip;]<\/p>\n","protected":false},"author":1,"featured_media":0,"parent":0,"menu_order":0,"comment_status":"closed","ping_status":"closed","template":"","meta":{"_et_pb_use_builder":"on","_et_pb_old_content":"","_et_gb_content_width":"","footnotes":""},"class_list":["post-591","page","type-page","status-publish","hentry"],"_links":{"self":[{"href":"https:\/\/abriendocamino.org\/index.php?rest_route=\/wp\/v2\/pages\/591","targetHints":{"allow":["GET"]}}],"collection":[{"href":"https:\/\/abriendocamino.org\/index.php?rest_route=\/wp\/v2\/pages"}],"about":[{"href":"https:\/\/abriendocamino.org\/index.php?rest_route=\/wp\/v2\/types\/page"}],"author":[{"embeddable":true,"href":"https:\/\/abriendocamino.org\/index.php?rest_route=\/wp\/v2\/users\/1"}],"replies":[{"embeddable":true,"href":"https:\/\/abriendocamino.org\/index.php?rest_route=%2Fwp%2Fv2%2Fcomments&post=591"}],"version-history":[{"count":4,"href":"https:\/\/abriendocamino.org\/index.php?rest_route=\/wp\/v2\/pages\/591\/revisions"}],"predecessor-version":[{"id":605,"href":"https:\/\/abriendocamino.org\/index.php?rest_route=\/wp\/v2\/pages\/591\/revisions\/605"}],"wp:attachment":[{"href":"https:\/\/abriendocamino.org\/index.php?rest_route=%2Fwp%2Fv2%2Fmedia&parent=591"}],"curies":[{"name":"wp","href":"https:\/\/api.w.org\/{rel}","templated":true}]}}